{"id":69,"date":"2025-05-27T23:12:08","date_gmt":"2025-05-27T23:12:08","guid":{"rendered":"https:\/\/www.byj.org.pe\/portal\/?page_id=69"},"modified":"2025-05-28T00:22:10","modified_gmt":"2025-05-28T00:22:10","slug":"politicas-de-cambios-y-devoluciones","status":"publish","type":"page","link":"https:\/\/www.byj.org.pe\/portal\/politicas-de-cambios-y-devoluciones\/","title":{"rendered":"Politicas de Cambios y Devoluciones"},"content":{"rendered":"\n<p>&#8211;<\/p>\n\n\n\n<h1 class=\"wp-block-heading\" style=\"border-style:none;border-width:0px\">Politicas de Cambios y Devoluciones<\/h1>\n\n\n\n<p>En B y j Innovaci\u00f3n y Tecnolog\u00eda S.A.C.  queremos que te sientas completamente satisfecho con tus compras y servicios. Si necesitas cambiar o devolver un producto puedes contactarte con nuestros Asesores operaciones@byj.org.pe y podremos ayudarte.<\/p>\n\n\n\n<p>En la mayor\u00eda de productos tenemos un plazo de 30 d\u00edas calendario desde que recibes tu producto. Lo debes entregar tal y como lo recibiste, sin uso, con todas sus etiquetas y\/o en sus cajas cerradas con los sellos originales y debes adjuntar tu respectiva comprobante de pago.<\/p>\n\n\n\n<p>Para garantizar una experiencia de cambio y\/o devoluci\u00f3n sin problemas, aseg\u00farate de que el producto:<br>&#8211; Se encuentre en buen estado, sin uso (como nuevo).<br>&#8211; No debe haber sido armado, instalado, enchufado o encendido.<br>&#8211; Tenga el embalaje original sellado, y con las etiquetas originales y sin da\u00f1os atribuibles al cliente.<\/p>\n\n\n\n<p>Si vas a devolver un producto que fue pagado con Tarjeta de Cr\u00e9dito, Apple Pay o Google Pay, debemos coordinar el que muestres la traer la tarjeta f\u00edsica o dispositivo electr\u00f3nico asociado para realizar el reembolso.<\/p>\n\n\n\n<div class=\"wp-block-uagb-image uagb-block-53e4509e wp-block-uagb-image--layout-default wp-block-uagb-image--effect-static wp-block-uagb-image--align-none\"><figure class=\"wp-block-uagb-image__figure\"><\/figure><\/div>\n\n\n\n<p><\/p>\n\n\n\n<div class=\"wp-block-uagb-buttons uagb-buttons__outer-wrap uagb-btn__default-btn uagb-btn-tablet__default-btn uagb-btn-mobile__default-btn uagb-block-4358eef7\"><div class=\"uagb-buttons__wrap uagb-buttons-layout-wrap \">\n<div class=\"wp-block-uagb-buttons-child uagb-buttons__outer-wrap uagb-block-c811c96a wp-block-button\"><div class=\"uagb-button__wrapper\"><a class=\"uagb-buttons-repeater wp-block-button__link\" aria-label=\"\" href=\"https:\/\/www.byj.org.pe\/portal\" rel=\"follow noopener\" target=\"_self\" role=\"button\"><div class=\"uagb-button__link\">Retornar<\/div><span class=\"uagb-button__icon uagb-button__icon-position-after\"><svg xmlns=\"https:\/\/www.w3.org\/2000\/svg\" viewBox=\"0 0 448 512\" aria-hidden=\"true\" focussable=\"false\"><path d=\"M438.6 278.6l-160 160C272.4 444.9 264.2 448 256 448s-16.38-3.125-22.62-9.375c-12.5-12.5-12.5-32.75 0-45.25L338.8 288H32C14.33 288 .0016 273.7 .0016 256S14.33 224 32 224h306.8l-105.4-105.4c-12.5-12.5-12.5-32.75 0-45.25s32.75-12.5 45.25 0l160 160C451.1 245.9 451.1 266.1 438.6 278.6z\"><\/path><\/svg><\/span><\/a><\/div><\/div>\n<\/div><\/div>\n\n\n\n<p><\/p>\n","protected":false},"excerpt":{"rendered":"<p>&#8211; Politicas de Cambios y Devoluciones En B y j Innovaci\u00f3n y Tecnolog\u00eda S.A.C. queremos que te sientas completamente satisfecho [&hellip;]<\/p>\n","protected":false},"author":1,"featured_media":0,"parent":0,"menu_order":0,"comment_status":"closed","ping_status":"closed","template":"","meta":{"_uag_custom_page_level_css":"","site-sidebar-layout":"default","site-content-layout":"","ast-site-content-layout":"","site-content-style":"default","site-sidebar-style":"default","ast-global-header-display":"","ast-banner-title-visibility":"","ast-main-header-display":"","ast-hfb-above-header-display":"","ast-hfb-below-header-display":"","ast-hfb-mobile-header-display":"","site-post-title":"","ast-breadcrumbs-content":"","ast-featured-img":"","footer-sml-layout":"","ast-disable-related-posts":"","theme-transparent-header-meta":"","adv-header-id-meta":"","stick-header-meta":"","header-above-stick-meta":"","header-main-stick-meta":"","header-below-stick-meta":"","astra-migrate-meta-layouts":"default","ast-page-background-enabled":"default","ast-page-background-meta":{"desktop":{"background-color":"var(--ast-global-color-4)","background-image":"","background-repeat":"repeat","background-position":"center center","background-size":"auto","background-attachment":"scroll","background-type":"","background-media":"","overlay-type":"","overlay-color":"","overlay-opacity":"","overlay-gradient":""},"tablet":{"background-color":"","background-image":"","background-repeat":"repeat","background-position":"center center","background-size":"auto","background-attachment":"scroll","background-type":"","background-media":"","overlay-type":"","overlay-color":"","overlay-opacity":"","overlay-gradient":""},"mobile":{"background-color":"","background-image":"","background-repeat":"repeat","background-position":"center center","background-size":"auto","background-attachment":"scroll","background-type":"","background-media":"","overlay-type":"","overlay-color":"","overlay-opacity":"","overlay-gradient":""}},"ast-content-background-meta":{"desktop":{"background-color":"var(--ast-global-color-5)","background-image":"","background-repeat":"repeat","background-position":"center center","background-size":"auto","background-attachment":"scroll","background-type":"","background-media":"","overlay-type":"","overlay-color":"","overlay-opacity":"","overlay-gradient":""},"tablet":{"background-color":"var(--ast-global-color-5)","background-image":"","background-repeat":"repeat","background-position":"center center","background-size":"auto","background-attachment":"scroll","background-type":"","background-media":"","overlay-type":"","overlay-color":"","overlay-opacity":"","overlay-gradient":""},"mobile":{"background-color":"var(--ast-global-color-5)","background-image":"","background-repeat":"repeat","background-position":"center center","background-size":"auto","background-attachment":"scroll","background-type":"","background-media":"","overlay-type":"","overlay-color":"","overlay-opacity":"","overlay-gradient":""}},"footnotes":""},"class_list":["post-69","page","type-page","status-publish","hentry"],"uagb_featured_image_src":{"full":false,"thumbnail":false,"medium":false,"medium_large":false,"large":false,"1536x1536":false,"2048x2048":false},"uagb_author_info":{"display_name":"admin","author_link":"https:\/\/www.byj.org.pe\/portal\/author\/admin\/"},"uagb_comment_info":0,"uagb_excerpt":"&#8211; Politicas de Cambios y Devoluciones En B y j Innovaci\u00f3n y Tecnolog\u00eda S.A.C. queremos que te sientas completamente satisfecho [&hellip;]","_links":{"self":[{"href":"https:\/\/www.byj.org.pe\/portal\/wp-json\/wp\/v2\/pages\/69","targetHints":{"allow":["GET"]}}],"collection":[{"href":"https:\/\/www.byj.org.pe\/portal\/wp-json\/wp\/v2\/pages"}],"about":[{"href":"https:\/\/www.byj.org.pe\/portal\/wp-json\/wp\/v2\/types\/page"}],"author":[{"embeddable":true,"href":"https:\/\/www.byj.org.pe\/portal\/wp-json\/wp\/v2\/users\/1"}],"replies":[{"embeddable":true,"href":"https:\/\/www.byj.org.pe\/portal\/wp-json\/wp\/v2\/comments?post=69"}],"version-history":[{"count":10,"href":"https:\/\/www.byj.org.pe\/portal\/wp-json\/wp\/v2\/pages\/69\/revisions"}],"predecessor-version":[{"id":83,"href":"https:\/\/www.byj.org.pe\/portal\/wp-json\/wp\/v2\/pages\/69\/revisions\/83"}],"wp:attachment":[{"href":"https:\/\/www.byj.org.pe\/portal\/wp-json\/wp\/v2\/media?parent=69"}],"curies":[{"name":"wp","href":"https:\/\/api.w.org\/{rel}","templated":true}]}}